{"id":821,"date":"2022-04-11T16:00:53","date_gmt":"2022-04-11T16:00:53","guid":{"rendered":"https:\/\/www.portdeplaisancelaronde.com\/gallery\/"},"modified":"2026-03-28T10:27:27","modified_gmt":"2026-03-28T14:27:27","slug":"gallery","status":"publish","type":"page","link":"https:\/\/www.portdeplaisancelaronde.com\/en\/gallery\/","title":{"rendered":"Gallery"},"content":{"rendered":"[vc_row type=&#8221;in_container&#8221; full_screen_row_position=&#8221;middle&#8221; column_margin=&#8221;default&#8221; column_direction=&#8221;default&#8221; column_direction_tablet=&#8221;default&#8221; column_direction_phone=&#8221;default&#8221; scene_position=&#8221;center&#8221; top_padding=&#8221;2%&#8221; bottom_padding=&#8221;2%&#8221; text_color=&#8221;dark&#8221; text_align=&#8221;left&#8221; row_border_radius=&#8221;none&#8221; row_border_radius_applies=&#8221;bg&#8221; overflow=&#8221;visible&#8221; advanced_gradient_angle=&#8221;0&#8243; overlay_strength=&#8221;0.3&#8243; gradient_direction=&#8221;left_to_right&#8221; shape_divider_position=&#8221;bottom&#8221; bg_image_animation=&#8221;none&#8221; gradient_type=&#8221;default&#8221; shape_type=&#8221;&#8221;][vc_column column_padding=&#8221;no-extra-padding&#8221; column_padding_tablet=&#8221;inherit&#8221; column_padding_phone=&#8221;inherit&#8221; column_padding_position=&#8221;all&#8221; column_element_spacing=&#8221;default&#8221; background_color_opacity=&#8221;1&#8243; background_hover_color_opacity=&#8221;1&#8243; column_shadow=&#8221;none&#8221; column_border_radius=&#8221;none&#8221; column_link_target=&#8221;_self&#8221; column_position=&#8221;default&#8221; gradient_direction=&#8221;left_to_right&#8221; overlay_strength=&#8221;0.3&#8243; width=&#8221;1\/1&#8243; tablet_width_inherit=&#8221;default&#8221; tablet_text_alignment=&#8221;default&#8221; phone_text_alignment=&#8221;default&#8221; animation_type=&#8221;default&#8221; bg_image_animation=&#8221;none&#8221; border_type=&#8221;simple&#8221; column_border_width=&#8221;none&#8221; column_border_style=&#8221;solid&#8221;][vc_column_text]It is important for the marina to present you with a set of historical photos from its creation for Expo 67 until today in 2026.[\/vc_column_text][tabbed_section style=&#8221;minimal&#8221; alignment=&#8221;left&#8221; spacing=&#8221;default&#8221; tab_color=&#8221;Accent-Color&#8221; vs_content_animation=&#8221;fade&#8221; vs_link_animation=&#8221;opacity&#8221; vs_navigation_alignment=&#8221;left&#8221; vs_navigation_width_2=&#8221;25%&#8221; vs_navigation_func=&#8221;default&#8221; vs_navigation_width=&#8221;regular&#8221; vs_navigation_spacing=&#8221;15px&#8221; vs_navigation_mobile_display=&#8221;visible&#8221; vs_tab_spacing=&#8221;5%&#8221; cta_button_style=&#8221;accent-color&#8221; icon_size=&#8221;24&#8243;][tab icon_family=&#8221;none&#8221; title=&#8221;Marina&#8221; id=&#8221;1774708021228-7&#8243; tab_id=&#8221;1774708021228-1&#8243;][vc_gallery type=&#8221;image_grid&#8221; images=&#8221;1226,1218,1225,1255,1231,1253,1258,1260,1262,1264,1233,1236,1238,1240,1242,1244,1246,597,596,595,594,898,896,900,906,908,910,912,914,916,918,920,922,924,926,928,1266,1400,1393,1384,1378,1396,1398,1251,1403&#8243; image_grid_loading=&#8221;default&#8221; layout=&#8221;3&#8243; item_spacing=&#8221;default&#8221; gallery_style=&#8221;7&#8243; load_in_animation=&#8221;none&#8221;][\/tab][tab icon_family=&#8221;none&#8221; title=&#8221;Expo 67&#8243; id=&#8221;1774708021250-6&#8243; tab_id=&#8221;1774708021250-8&#8243;][vc_gallery type=&#8221;image_grid&#8221; images=&#8221;873,871,869,867,865,863,861,859&#8243; image_grid_loading=&#8221;default&#8221; layout=&#8221;3&#8243; item_spacing=&#8221;default&#8221; gallery_style=&#8221;7&#8243; load_in_animation=&#8221;none&#8221;][\/tab][tab icon_family=&#8221;none&#8221; title=&#8221;Electric Boat&#8221; id=&#8221;1774708021264-8&#8243; tab_id=&#8221;1774708021265-0&#8243;][vc_gallery type=&#8221;flexslider_style&#8221; images=&#8221;1580,1592,1582,1590,1588,1596,1600,1608,1584&#8243; onclick=&#8221;link_no&#8221;][\/tab][\/tabbed_section][\/vc_column][\/vc_row]\n","protected":false},"excerpt":{"rendered":"<p>[vc_row type=&#8221;in_container&#8221; full_screen_row_position=&#8221;middle&#8221; column_margin=&#8221;default&#8221; column_direction=&#8221;default&#8221; column_direction_tablet=&#8221;default&#8221; column_direction_phone=&#8221;default&#8221; scene_position=&#8221;center&#8221; top_padding=&#8221;2%&#8221; bottom_padding=&#8221;2%&#8221; text_color=&#8221;dark&#8221; text_align=&#8221;left&#8221; row_border_radius=&#8221;none&#8221; row_border_radius_applies=&#8221;bg&#8221; overflow=&#8221;visible&#8221; advanced_gradient_angle=&#8221;0&#8243; overlay_strength=&#8221;0.3&#8243; gradient_direction=&#8221;left_to_right&#8221; shape_divider_position=&#8221;bottom&#8221; bg_image_animation=&#8221;none&#8221; gradient_type=&#8221;default&#8221; shape_type=&#8221;&#8221;][vc_column column_padding=&#8221;no-extra-padding&#8221; column_padding_tablet=&#8221;inherit&#8221; column_padding_phone=&#8221;inherit&#8221; column_padding_position=&#8221;all&#8221; column_element_spacing=&#8221;default&#8221; background_color_opacity=&#8221;1&#8243; background_hover_color_opacity=&#8221;1&#8243; column_shadow=&#8221;none&#8221;&#8230;<\/p>\n","protected":false},"author":3,"featured_media":0,"parent":0,"menu_order":0,"comment_status":"closed","ping_status":"closed","template":"","meta":{"_seopress_robots_primary_cat":"","_seopress_titles_title":"","_seopress_titles_desc":"","_seopress_robots_index":"","_seopress_analysis_target_kw":"","footnotes":""},"class_list":["post-821","page","type-page","status-publish"],"yoast_head":"<!-- This site is optimized with the Yoast SEO plugin v27.6 - https:\/\/yoast.com\/product\/yoast-seo-wordpress\/ -->\n<title>Marina La Ronde I Album I boat photos<\/title>\n<meta name=\"description\" content=\"More boat photos and Album at the Marina La Ronde. beautiful view of the boat docks, the harbor master&#039;s office and the St. Lawrence River.\" \/>\n<meta name=\"robots\" content=\"index, follow, max-snippet:-1, max-image-preview:large, max-video-preview:-1\" \/>\n<link rel=\"canonical\" href=\"https:\/\/www.portdeplaisancelaronde.com\/en\/gallery\/\" \/>\n<meta property=\"og:locale\" content=\"en_US\" \/>\n<meta property=\"og:type\" content=\"article\" \/>\n<meta property=\"og:title\" content=\"Marina La Ronde I Album I boat photos\" \/>\n<meta property=\"og:description\" content=\"More boat photos and Album at the Marina La Ronde. beautiful view of the boat docks, the harbor master&#039;s office and the St. Lawrence River.\" \/>\n<meta property=\"og:url\" content=\"https:\/\/www.portdeplaisancelaronde.com\/en\/gallery\/\" \/>\n<meta property=\"og:site_name\" content=\"Port de Plaisance la Ronde - Marina\" \/>\n<meta property=\"article:modified_time\" content=\"2026-03-28T14:27:27+00:00\" \/>\n<meta name=\"twitter:card\" content=\"summary_large_image\" \/>\n<meta name=\"twitter:label1\" content=\"Est. reading time\" \/>\n\t<meta name=\"twitter:data1\" content=\"13 minutes\" \/>\n<script type=\"application\/ld+json\" class=\"yoast-schema-graph\">{\"@context\":\"https:\\\/\\\/schema.org\",\"@graph\":[{\"@type\":\"WebPage\",\"@id\":\"https:\\\/\\\/www.portdeplaisancelaronde.com\\\/en\\\/gallery\\\/\",\"url\":\"https:\\\/\\\/www.portdeplaisancelaronde.com\\\/en\\\/gallery\\\/\",\"name\":\"Marina La Ronde I Album I boat photos\",\"isPartOf\":{\"@id\":\"https:\\\/\\\/www.portdeplaisancelaronde.com\\\/en\\\/#website\"},\"datePublished\":\"2022-04-11T16:00:53+00:00\",\"dateModified\":\"2026-03-28T14:27:27+00:00\",\"description\":\"More boat photos and Album at the Marina La Ronde. beautiful view of the boat docks, the harbor master's office and the St. Lawrence River.\",\"breadcrumb\":{\"@id\":\"https:\\\/\\\/www.portdeplaisancelaronde.com\\\/en\\\/gallery\\\/#breadcrumb\"},\"inLanguage\":\"en-US\",\"potentialAction\":[{\"@type\":\"ReadAction\",\"target\":[\"https:\\\/\\\/www.portdeplaisancelaronde.com\\\/en\\\/gallery\\\/\"]}]},{\"@type\":\"BreadcrumbList\",\"@id\":\"https:\\\/\\\/www.portdeplaisancelaronde.com\\\/en\\\/gallery\\\/#breadcrumb\",\"itemListElement\":[{\"@type\":\"ListItem\",\"position\":1,\"name\":\"Accueil\",\"item\":\"https:\\\/\\\/www.portdeplaisancelaronde.com\\\/en\\\/\"},{\"@type\":\"ListItem\",\"position\":2,\"name\":\"Gallery\"}]},{\"@type\":\"WebSite\",\"@id\":\"https:\\\/\\\/www.portdeplaisancelaronde.com\\\/en\\\/#website\",\"url\":\"https:\\\/\\\/www.portdeplaisancelaronde.com\\\/en\\\/\",\"name\":\"Port de Plaisance la Ronde - Marina\",\"description\":\"Marina fut fond\u00e9e durant l\u2019expo \u201867 et se nommait \u00e0 l\u2018\u00e9poque marina Port Sainte-H\u00e9l\u00e8ne\",\"potentialAction\":[{\"@type\":\"SearchAction\",\"target\":{\"@type\":\"EntryPoint\",\"urlTemplate\":\"https:\\\/\\\/www.portdeplaisancelaronde.com\\\/en\\\/?s={search_term_string}\"},\"query-input\":{\"@type\":\"PropertyValueSpecification\",\"valueRequired\":true,\"valueName\":\"search_term_string\"}}],\"inLanguage\":\"en-US\"}]}<\/script>\n<!-- \/ Yoast SEO plugin. -->","yoast_head_json":{"title":"Marina La Ronde I Album I boat photos","description":"More boat photos and Album at the Marina La Ronde. beautiful view of the boat docks, the harbor master's office and the St. Lawrence River.","robots":{"index":"index","follow":"follow","max-snippet":"max-snippet:-1","max-image-preview":"max-image-preview:large","max-video-preview":"max-video-preview:-1"},"canonical":"https:\/\/www.portdeplaisancelaronde.com\/en\/gallery\/","og_locale":"en_US","og_type":"article","og_title":"Marina La Ronde I Album I boat photos","og_description":"More boat photos and Album at the Marina La Ronde. beautiful view of the boat docks, the harbor master's office and the St. Lawrence River.","og_url":"https:\/\/www.portdeplaisancelaronde.com\/en\/gallery\/","og_site_name":"Port de Plaisance la Ronde - Marina","article_modified_time":"2026-03-28T14:27:27+00:00","twitter_card":"summary_large_image","twitter_misc":{"Est. reading time":"13 minutes"},"schema":{"@context":"https:\/\/schema.org","@graph":[{"@type":"WebPage","@id":"https:\/\/www.portdeplaisancelaronde.com\/en\/gallery\/","url":"https:\/\/www.portdeplaisancelaronde.com\/en\/gallery\/","name":"Marina La Ronde I Album I boat photos","isPartOf":{"@id":"https:\/\/www.portdeplaisancelaronde.com\/en\/#website"},"datePublished":"2022-04-11T16:00:53+00:00","dateModified":"2026-03-28T14:27:27+00:00","description":"More boat photos and Album at the Marina La Ronde. beautiful view of the boat docks, the harbor master's office and the St. Lawrence River.","breadcrumb":{"@id":"https:\/\/www.portdeplaisancelaronde.com\/en\/gallery\/#breadcrumb"},"inLanguage":"en-US","potentialAction":[{"@type":"ReadAction","target":["https:\/\/www.portdeplaisancelaronde.com\/en\/gallery\/"]}]},{"@type":"BreadcrumbList","@id":"https:\/\/www.portdeplaisancelaronde.com\/en\/gallery\/#breadcrumb","itemListElement":[{"@type":"ListItem","position":1,"name":"Accueil","item":"https:\/\/www.portdeplaisancelaronde.com\/en\/"},{"@type":"ListItem","position":2,"name":"Gallery"}]},{"@type":"WebSite","@id":"https:\/\/www.portdeplaisancelaronde.com\/en\/#website","url":"https:\/\/www.portdeplaisancelaronde.com\/en\/","name":"Port de Plaisance la Ronde - Marina","description":"Marina fut fond\u00e9e durant l\u2019expo \u201867 et se nommait \u00e0 l\u2018\u00e9poque marina Port Sainte-H\u00e9l\u00e8ne","potentialAction":[{"@type":"SearchAction","target":{"@type":"EntryPoint","urlTemplate":"https:\/\/www.portdeplaisancelaronde.com\/en\/?s={search_term_string}"},"query-input":{"@type":"PropertyValueSpecification","valueRequired":true,"valueName":"search_term_string"}}],"inLanguage":"en-US"}]}},"_links":{"self":[{"href":"https:\/\/www.portdeplaisancelaronde.com\/en\/wp-json\/wp\/v2\/pages\/821","targetHints":{"allow":["GET"]}}],"collection":[{"href":"https:\/\/www.portdeplaisancelaronde.com\/en\/wp-json\/wp\/v2\/pages"}],"about":[{"href":"https:\/\/www.portdeplaisancelaronde.com\/en\/wp-json\/wp\/v2\/types\/page"}],"author":[{"embeddable":true,"href":"https:\/\/www.portdeplaisancelaronde.com\/en\/wp-json\/wp\/v2\/users\/3"}],"replies":[{"embeddable":true,"href":"https:\/\/www.portdeplaisancelaronde.com\/en\/wp-json\/wp\/v2\/comments?post=821"}],"version-history":[{"count":9,"href":"https:\/\/www.portdeplaisancelaronde.com\/en\/wp-json\/wp\/v2\/pages\/821\/revisions"}],"predecessor-version":[{"id":1624,"href":"https:\/\/www.portdeplaisancelaronde.com\/en\/wp-json\/wp\/v2\/pages\/821\/revisions\/1624"}],"wp:attachment":[{"href":"https:\/\/www.portdeplaisancelaronde.com\/en\/wp-json\/wp\/v2\/media?parent=821"}],"curies":[{"name":"wp","href":"https:\/\/api.w.org\/{rel}","templated":true}]}}