{"id":807,"date":"2022-04-11T16:00:52","date_gmt":"2022-04-11T16:00:52","guid":{"rendered":"https:\/\/www.portdeplaisancelaronde.com\/regulations\/"},"modified":"2023-04-17T16:56:53","modified_gmt":"2023-04-17T20:56:53","slug":"regulations","status":"publish","type":"page","link":"https:\/\/www.portdeplaisancelaronde.com\/en\/regulations\/","title":{"rendered":"Regulations"},"content":{"rendered":"[vc_row type=&#8221;full_width_background&#8221; full_screen_row_position=&#8221;middle&#8221; column_margin=&#8221;default&#8221; column_direction=&#8221;default&#8221; column_direction_tablet=&#8221;default&#8221; column_direction_phone=&#8221;default&#8221; bg_color=&#8221;#ffffff&#8221; scene_position=&#8221;center&#8221; top_margin=&#8221;2%&#8221; text_color=&#8221;dark&#8221; text_align=&#8221;left&#8221; row_border_radius=&#8221;none&#8221; row_border_radius_applies=&#8221;bg&#8221; overflow=&#8221;visible&#8221; advanced_gradient_angle=&#8221;0&#8243; overlay_strength=&#8221;1&#8243; gradient_direction=&#8221;left_to_right&#8221; shape_divider_position=&#8221;bottom&#8221; bg_image_animation=&#8221;none&#8221; shape_type=&#8221;&#8221; gradient_type=&#8221;default&#8221;][vc_column column_padding=&#8221;padding-3-percent&#8221; column_padding_tablet=&#8221;inherit&#8221; column_padding_phone=&#8221;inherit&#8221; column_padding_position=&#8221;all&#8221; column_element_spacing=&#8221;default&#8221; background_color_opacity=&#8221;1&#8243; background_hover_color_opacity=&#8221;1&#8243; column_shadow=&#8221;none&#8221; column_border_radius=&#8221;none&#8221; column_link_target=&#8221;_self&#8221; column_position=&#8221;default&#8221; advanced_gradient_angle=&#8221;0&#8243; gradient_direction=&#8221;left_to_right&#8221; overlay_strength=&#8221;0.3&#8243; width=&#8221;1\/1&#8243; tablet_width_inherit=&#8221;default&#8221; tablet_text_alignment=&#8221;default&#8221; phone_text_alignment=&#8221;default&#8221; animation_type=&#8221;default&#8221; enable_animation=&#8221;true&#8221; animation=&#8221;fade-in-from-bottom&#8221; bg_image_animation=&#8221;none&#8221; border_type=&#8221;simple&#8221; column_border_width=&#8221;2px&#8221; column_border_color=&#8221;#0a0a0a&#8221; column_border_style=&#8221;solid&#8221; gradient_type=&#8221;default&#8221;][vc_column_text]\n<h3><strong>Visitor Terms &amp; Conditions<\/strong><\/h3>\n<ul>\n<li><a href=\"https:\/\/www.portdeplaisancelaronde.com\/wp-content\/uploads\/2022\/04\/REGLEMENTS-VISITEURS-2022.pdf\" target=\"_blank\" rel=\"noopener\">PDF in French<\/a><\/li>\n<li><a href=\"https:\/\/www.portdeplaisancelaronde.com\/wp-content\/uploads\/2022\/04\/RULES-FOR-VISITORS-2022.pdf\" target=\"_blank\" rel=\"noopener\">PDF in English<\/a><\/li>\n<\/ul>\n[\/vc_column_text][\/vc_column][\/vc_row][vc_row type=&#8221;full_width_background&#8221; full_screen_row_position=&#8221;middle&#8221; column_margin=&#8221;default&#8221; column_direction=&#8221;default&#8221; column_direction_tablet=&#8221;default&#8221; column_direction_phone=&#8221;default&#8221; bg_color=&#8221;#ffffff&#8221; scene_position=&#8221;center&#8221; top_margin=&#8221;2%&#8221; bottom_margin=&#8221;2%&#8221; text_color=&#8221;dark&#8221; text_align=&#8221;left&#8221; row_border_radius=&#8221;none&#8221; row_border_radius_applies=&#8221;bg&#8221; overflow=&#8221;visible&#8221; advanced_gradient_angle=&#8221;0&#8243; overlay_strength=&#8221;1&#8243; gradient_direction=&#8221;left_to_right&#8221; shape_divider_position=&#8221;bottom&#8221; bg_image_animation=&#8221;none&#8221; shape_type=&#8221;&#8221; gradient_type=&#8221;default&#8221;][vc_column column_padding=&#8221;padding-3-percent&#8221; column_padding_tablet=&#8221;inherit&#8221; column_padding_phone=&#8221;inherit&#8221; column_padding_position=&#8221;all&#8221; column_element_spacing=&#8221;default&#8221; background_color_opacity=&#8221;1&#8243; background_hover_color_opacity=&#8221;1&#8243; column_shadow=&#8221;none&#8221; column_border_radius=&#8221;none&#8221; column_link_target=&#8221;_self&#8221; column_position=&#8221;default&#8221; advanced_gradient_angle=&#8221;0&#8243; gradient_direction=&#8221;left_to_right&#8221; overlay_strength=&#8221;0.3&#8243; width=&#8221;1\/1&#8243; tablet_width_inherit=&#8221;default&#8221; tablet_text_alignment=&#8221;default&#8221; phone_text_alignment=&#8221;default&#8221; animation_type=&#8221;default&#8221; enable_animation=&#8221;true&#8221; animation=&#8221;fade-in-from-bottom&#8221; bg_image_animation=&#8221;none&#8221; border_type=&#8221;simple&#8221; column_border_width=&#8221;2px&#8221; column_border_color=&#8221;#0a0a0a&#8221; column_border_style=&#8221;solid&#8221; gradient_type=&#8221;default&#8221;][vc_column_text]\n<h3><strong>Terms &amp; conditions for seasonal<br \/>\n<\/strong><\/h3>\n<ul>\n<li><a href=\"https:\/\/www.portdeplaisancelaronde.com\/wp-content\/uploads\/2022\/04\/TERMES-ET-CONDITIONS-DU-PORT-DE-PLAISANCE-LA-RONDE-POUR-LES-MEMBRES.pdf\" target=\"_blank\" rel=\"noopener\">PDF in French<\/a><\/li>\n<li><a href=\"https:\/\/www.portdeplaisancelaronde.com\/wp-content\/uploads\/2022\/04\/TERMS-AND-CONDITIONS-FOR-MEMBERS-AT-PORT-DE-PLAISANCE-LA-RONDE-SEASON-2022.pdf\" target=\"_blank\" rel=\"noopener\">PDF in English<\/a><\/li>\n<\/ul>\n[\/vc_column_text][\/vc_column][\/vc_row]\n","protected":false},"excerpt":{"rendered":"<p>[vc_row type=&#8221;full_width_background&#8221; full_screen_row_position=&#8221;middle&#8221; column_margin=&#8221;default&#8221; column_direction=&#8221;default&#8221; column_direction_tablet=&#8221;default&#8221; column_direction_phone=&#8221;default&#8221; bg_color=&#8221;#ffffff&#8221; scene_position=&#8221;center&#8221; top_margin=&#8221;2%&#8221; text_color=&#8221;dark&#8221; text_align=&#8221;left&#8221; row_border_radius=&#8221;none&#8221; row_border_radius_applies=&#8221;bg&#8221; overflow=&#8221;visible&#8221; advanced_gradient_angle=&#8221;0&#8243; overlay_strength=&#8221;1&#8243; gradient_direction=&#8221;left_to_right&#8221; shape_divider_position=&#8221;bottom&#8221; bg_image_animation=&#8221;none&#8221; shape_type=&#8221;&#8221; gradient_type=&#8221;default&#8221;][vc_column column_padding=&#8221;padding-3-percent&#8221; column_padding_tablet=&#8221;inherit&#8221; column_padding_phone=&#8221;inherit&#8221; column_padding_position=&#8221;all&#8221; column_element_spacing=&#8221;default&#8221; background_color_opacity=&#8221;1&#8243; background_hover_color_opacity=&#8221;1&#8243; column_shadow=&#8221;none&#8221;&#8230;<\/p>\n","protected":false},"author":3,"featured_media":0,"parent":0,"menu_order":0,"comment_status":"closed","ping_status":"closed","template":"","meta":{"_seopress_robots_primary_cat":"","_seopress_titles_title":"","_seopress_titles_desc":"","_seopress_robots_index":"","_seopress_analysis_target_kw":"","footnotes":""},"class_list":["post-807","page","type-page","status-publish"],"yoast_head":"<!-- This site is optimized with the Yoast SEO plugin v27.6 - https:\/\/yoast.com\/product\/yoast-seo-wordpress\/ -->\n<title>Marina la Ronde rules I Functioning at the Montreal marina<\/title>\n<meta name=\"description\" content=\"You will find all the information on the rules to follow and the operation at the Port de Plaisance la Ronde in the document.\" \/>\n<meta name=\"robots\" content=\"index, follow, max-snippet:-1, max-image-preview:large, max-video-preview:-1\" \/>\n<link rel=\"canonical\" href=\"https:\/\/www.portdeplaisancelaronde.com\/reglements\/\" \/>\n<meta property=\"og:locale\" content=\"en_US\" \/>\n<meta property=\"og:type\" content=\"article\" \/>\n<meta property=\"og:title\" content=\"Marina la Ronde rules I Functioning at the Montreal marina\" \/>\n<meta property=\"og:description\" content=\"You will find all the information on the rules to follow and the operation at the Port de Plaisance la Ronde in the document.\" \/>\n<meta property=\"og:url\" content=\"https:\/\/www.portdeplaisancelaronde.com\/reglements\/\" \/>\n<meta property=\"og:site_name\" content=\"Port de Plaisance la Ronde - Marina\" \/>\n<meta property=\"article:modified_time\" content=\"2023-04-17T20:56:53+00:00\" \/>\n<meta name=\"twitter:card\" content=\"summary_large_image\" \/>\n<meta name=\"twitter:label1\" content=\"Est. reading time\" \/>\n\t<meta name=\"twitter:data1\" content=\"1 minute\" \/>\n<script type=\"application\/ld+json\" class=\"yoast-schema-graph\">{\"@context\":\"https:\\\/\\\/schema.org\",\"@graph\":[{\"@type\":\"WebPage\",\"@id\":\"https:\\\/\\\/www.portdeplaisancelaronde.com\\\/reglements\\\/\",\"url\":\"https:\\\/\\\/www.portdeplaisancelaronde.com\\\/reglements\\\/\",\"name\":\"Marina la Ronde rules I Functioning at the Montreal marina\",\"isPartOf\":{\"@id\":\"https:\\\/\\\/www.portdeplaisancelaronde.com\\\/en\\\/#website\"},\"datePublished\":\"2022-04-11T16:00:52+00:00\",\"dateModified\":\"2023-04-17T20:56:53+00:00\",\"description\":\"You will find all the information on the rules to follow and the operation at the Port de Plaisance la Ronde in the document.\",\"breadcrumb\":{\"@id\":\"https:\\\/\\\/www.portdeplaisancelaronde.com\\\/reglements\\\/#breadcrumb\"},\"inLanguage\":\"en-US\",\"potentialAction\":[{\"@type\":\"ReadAction\",\"target\":[\"https:\\\/\\\/www.portdeplaisancelaronde.com\\\/reglements\\\/\"]}]},{\"@type\":\"BreadcrumbList\",\"@id\":\"https:\\\/\\\/www.portdeplaisancelaronde.com\\\/reglements\\\/#breadcrumb\",\"itemListElement\":[{\"@type\":\"ListItem\",\"position\":1,\"name\":\"Accueil\",\"item\":\"https:\\\/\\\/www.portdeplaisancelaronde.com\\\/en\\\/\"},{\"@type\":\"ListItem\",\"position\":2,\"name\":\"Regulations\"}]},{\"@type\":\"WebSite\",\"@id\":\"https:\\\/\\\/www.portdeplaisancelaronde.com\\\/en\\\/#website\",\"url\":\"https:\\\/\\\/www.portdeplaisancelaronde.com\\\/en\\\/\",\"name\":\"Port de Plaisance la Ronde - Marina\",\"description\":\"Marina fut fond\u00e9e durant l\u2019expo \u201867 et se nommait \u00e0 l\u2018\u00e9poque marina Port Sainte-H\u00e9l\u00e8ne\",\"potentialAction\":[{\"@type\":\"SearchAction\",\"target\":{\"@type\":\"EntryPoint\",\"urlTemplate\":\"https:\\\/\\\/www.portdeplaisancelaronde.com\\\/en\\\/?s={search_term_string}\"},\"query-input\":{\"@type\":\"PropertyValueSpecification\",\"valueRequired\":true,\"valueName\":\"search_term_string\"}}],\"inLanguage\":\"en-US\"}]}<\/script>\n<!-- \/ Yoast SEO plugin. -->","yoast_head_json":{"title":"Marina la Ronde rules I Functioning at the Montreal marina","description":"You will find all the information on the rules to follow and the operation at the Port de Plaisance la Ronde in the document.","robots":{"index":"index","follow":"follow","max-snippet":"max-snippet:-1","max-image-preview":"max-image-preview:large","max-video-preview":"max-video-preview:-1"},"canonical":"https:\/\/www.portdeplaisancelaronde.com\/reglements\/","og_locale":"en_US","og_type":"article","og_title":"Marina la Ronde rules I Functioning at the Montreal marina","og_description":"You will find all the information on the rules to follow and the operation at the Port de Plaisance la Ronde in the document.","og_url":"https:\/\/www.portdeplaisancelaronde.com\/reglements\/","og_site_name":"Port de Plaisance la Ronde - Marina","article_modified_time":"2023-04-17T20:56:53+00:00","twitter_card":"summary_large_image","twitter_misc":{"Est. reading time":"1 minute"},"schema":{"@context":"https:\/\/schema.org","@graph":[{"@type":"WebPage","@id":"https:\/\/www.portdeplaisancelaronde.com\/reglements\/","url":"https:\/\/www.portdeplaisancelaronde.com\/reglements\/","name":"Marina la Ronde rules I Functioning at the Montreal marina","isPartOf":{"@id":"https:\/\/www.portdeplaisancelaronde.com\/en\/#website"},"datePublished":"2022-04-11T16:00:52+00:00","dateModified":"2023-04-17T20:56:53+00:00","description":"You will find all the information on the rules to follow and the operation at the Port de Plaisance la Ronde in the document.","breadcrumb":{"@id":"https:\/\/www.portdeplaisancelaronde.com\/reglements\/#breadcrumb"},"inLanguage":"en-US","potentialAction":[{"@type":"ReadAction","target":["https:\/\/www.portdeplaisancelaronde.com\/reglements\/"]}]},{"@type":"BreadcrumbList","@id":"https:\/\/www.portdeplaisancelaronde.com\/reglements\/#breadcrumb","itemListElement":[{"@type":"ListItem","position":1,"name":"Accueil","item":"https:\/\/www.portdeplaisancelaronde.com\/en\/"},{"@type":"ListItem","position":2,"name":"Regulations"}]},{"@type":"WebSite","@id":"https:\/\/www.portdeplaisancelaronde.com\/en\/#website","url":"https:\/\/www.portdeplaisancelaronde.com\/en\/","name":"Port de Plaisance la Ronde - Marina","description":"Marina fut fond\u00e9e durant l\u2019expo \u201867 et se nommait \u00e0 l\u2018\u00e9poque marina Port Sainte-H\u00e9l\u00e8ne","potentialAction":[{"@type":"SearchAction","target":{"@type":"EntryPoint","urlTemplate":"https:\/\/www.portdeplaisancelaronde.com\/en\/?s={search_term_string}"},"query-input":{"@type":"PropertyValueSpecification","valueRequired":true,"valueName":"search_term_string"}}],"inLanguage":"en-US"}]}},"_links":{"self":[{"href":"https:\/\/www.portdeplaisancelaronde.com\/en\/wp-json\/wp\/v2\/pages\/807","targetHints":{"allow":["GET"]}}],"collection":[{"href":"https:\/\/www.portdeplaisancelaronde.com\/en\/wp-json\/wp\/v2\/pages"}],"about":[{"href":"https:\/\/www.portdeplaisancelaronde.com\/en\/wp-json\/wp\/v2\/types\/page"}],"author":[{"embeddable":true,"href":"https:\/\/www.portdeplaisancelaronde.com\/en\/wp-json\/wp\/v2\/users\/3"}],"replies":[{"embeddable":true,"href":"https:\/\/www.portdeplaisancelaronde.com\/en\/wp-json\/wp\/v2\/comments?post=807"}],"version-history":[{"count":5,"href":"https:\/\/www.portdeplaisancelaronde.com\/en\/wp-json\/wp\/v2\/pages\/807\/revisions"}],"predecessor-version":[{"id":1005,"href":"https:\/\/www.portdeplaisancelaronde.com\/en\/wp-json\/wp\/v2\/pages\/807\/revisions\/1005"}],"wp:attachment":[{"href":"https:\/\/www.portdeplaisancelaronde.com\/en\/wp-json\/wp\/v2\/media?parent=807"}],"curies":[{"name":"wp","href":"https:\/\/api.w.org\/{rel}","templated":true}]}}