{"id":805,"date":"2022-04-11T16:00:52","date_gmt":"2022-04-11T16:00:52","guid":{"rendered":"https:\/\/www.portdeplaisancelaronde.com\/events\/"},"modified":"2026-03-28T11:25:36","modified_gmt":"2026-03-28T15:25:36","slug":"events","status":"publish","type":"page","link":"https:\/\/www.portdeplaisancelaronde.com\/en\/events\/","title":{"rendered":"Events"},"content":{"rendered":"[vc_row type=&#8221;in_container&#8221; full_screen_row_position=&#8221;middle&#8221; column_margin=&#8221;default&#8221; equal_height=&#8221;yes&#8221; content_placement=&#8221;middle&#8221; column_direction=&#8221;default&#8221; column_direction_tablet=&#8221;default&#8221; column_direction_phone=&#8221;default&#8221; scene_position=&#8221;center&#8221; top_margin=&#8221;2%&#8221; bottom_margin=&#8221;2%&#8221; text_color=&#8221;dark&#8221; text_align=&#8221;left&#8221; row_border_radius=&#8221;none&#8221; row_border_radius_applies=&#8221;bg&#8221; overflow=&#8221;visible&#8221; advanced_gradient_angle=&#8221;0&#8243; overlay_strength=&#8221;0.3&#8243; gradient_direction=&#8221;left_to_right&#8221; shape_divider_position=&#8221;bottom&#8221; bg_image_animation=&#8221;none&#8221; gradient_type=&#8221;default&#8221; shape_type=&#8221;&#8221;][vc_column column_padding=&#8221;padding-3-percent&#8221; column_padding_tablet=&#8221;inherit&#8221; column_padding_phone=&#8221;inherit&#8221; column_padding_position=&#8221;all&#8221; column_element_spacing=&#8221;default&#8221; background_color_opacity=&#8221;1&#8243; background_hover_color_opacity=&#8221;1&#8243; column_shadow=&#8221;none&#8221; column_border_radius=&#8221;none&#8221; column_link_target=&#8221;_self&#8221; column_position=&#8221;default&#8221; advanced_gradient_angle=&#8221;0&#8243; gradient_direction=&#8221;left_to_right&#8221; overlay_strength=&#8221;0.3&#8243; width=&#8221;1\/1&#8243; tablet_width_inherit=&#8221;default&#8221; tablet_text_alignment=&#8221;default&#8221; phone_text_alignment=&#8221;default&#8221; animation_type=&#8221;default&#8221; bg_image_animation=&#8221;none&#8221; border_type=&#8221;simple&#8221; column_border_width=&#8221;none&#8221; column_border_style=&#8221;solid&#8221; gradient_type=&#8221;default&#8221;][vc_column_text]\n<h2>Attractions &amp; Events<\/h2>\n[\/vc_column_text][divider line_type=&#8221;Small Line&#8221; line_alignment=&#8221;default&#8221; line_thickness=&#8221;2&#8243; divider_color=&#8221;accent-color&#8221;][vc_column_text]\n<p class=\"style1\">Port de Plaisance La Ronde stands out from other marinas with its special events and its geographical location. It is a place of must-see world attractions for the local yachtsman and tourist.<\/p>\n<p class=\"style1\">Located in Montr\u00e9al on Sainte-H\u00e9l\u00e8ne Island, next to amusement park La Ronde, the Port give access to several special events.<\/p>\n<p class=\"style1\">The two tourist islands; Notre-Dame island and Sainte-H\u00e9l\u00e8ne island offer plenty of events and must-see tourist attractions. Here are a few :<\/p>\n<p class=\"style1\"><strong>Saint-H\u00e9l\u00e8ne Island<\/strong><\/p>\n<ul>\n<li>The amusement park La Ronde (Fireworks, see dates on home page)<\/li>\n<li class=\"style1\">The Biosphere<\/li>\n<li>Tour de L\u00e9vis<\/li>\n<li class=\"style1\">The Aquatic Complex<\/li>\n<li><span class=\"style1\">Festivities and shows at<\/span> (L&#8217;espace 67)\u00a0 Osheaga, Soniq Island, Lasso country, etc.<\/li>\n<li class=\"style1\">The Subway (access to Montreal)<\/li>\n<\/ul>\n<p class=\"style1\"><strong>Notre-Dame Island<\/strong><\/p>\n<ul>\n<li>F1 race<\/li>\n<li>The Casino<\/li>\n<li class=\"style1\">Jean-Dor\u00e9 Beach (Aquazilla)<\/li>\n<li class=\"style1\">The Olympic Basin<\/li>\n<li class=\"style1\">Mosa\u00efcultures\/Floralies gardens<\/li>\n<li class=\"style1\">Festivities and shows during the summer, etc.<\/li>\n<\/ul>\n<p class=\"style1\">In addition, you can either hike or bike to visit and admire the magnificent gardens on the Islands and perhaps have a small picnic. For more information, please visit the website <a href=\"http:\/\/web.archive.org\/web\/20200219022659\/http:\/\/www.parcjeandrapeau.com\/\" target=\"_blank\" rel=\"noopener\">www.parcjeandrapeau.com<\/a><\/p>\n<p class=\"style1\">During the F1 weekend, we offer a <strong>shuttle<\/strong> service<\/p>\n<p class=\"style1\">Reserving a space at the dock for a stay during an event is a great way of accommodation. Living an experience on the weekend of the Fireworks is memorable. There is a lot of atmosphere and encounters on the water.<\/p>\n<p class=\"style1\"><strong>Finally, Port de Plaisance La Ronde is a first-rate place for boaters who wants to have fun in complete safety !<\/strong><\/p>\n[\/vc_column_text][\/vc_column][\/vc_row]\n","protected":false},"excerpt":{"rendered":"<p>[vc_row type=&#8221;in_container&#8221; full_screen_row_position=&#8221;middle&#8221; column_margin=&#8221;default&#8221; equal_height=&#8221;yes&#8221; content_placement=&#8221;middle&#8221; column_direction=&#8221;default&#8221; column_direction_tablet=&#8221;default&#8221; column_direction_phone=&#8221;default&#8221; scene_position=&#8221;center&#8221; top_margin=&#8221;2%&#8221; bottom_margin=&#8221;2%&#8221; text_color=&#8221;dark&#8221; text_align=&#8221;left&#8221; row_border_radius=&#8221;none&#8221; row_border_radius_applies=&#8221;bg&#8221; overflow=&#8221;visible&#8221; advanced_gradient_angle=&#8221;0&#8243; overlay_strength=&#8221;0.3&#8243; gradient_direction=&#8221;left_to_right&#8221; shape_divider_position=&#8221;bottom&#8221; bg_image_animation=&#8221;none&#8221; gradient_type=&#8221;default&#8221; shape_type=&#8221;&#8221;][vc_column column_padding=&#8221;padding-3-percent&#8221; column_padding_tablet=&#8221;inherit&#8221; column_padding_phone=&#8221;inherit&#8221; column_padding_position=&#8221;all&#8221; column_element_spacing=&#8221;default&#8221; background_color_opacity=&#8221;1&#8243;&#8230;<\/p>\n","protected":false},"author":3,"featured_media":0,"parent":0,"menu_order":0,"comment_status":"closed","ping_status":"closed","template":"","meta":{"_seopress_robots_primary_cat":"","_seopress_titles_title":"","_seopress_titles_desc":"","_seopress_robots_index":"","_seopress_analysis_target_kw":"","footnotes":""},"class_list":["post-805","page","type-page","status-publish"],"yoast_head":"<!-- This site is optimized with the Yoast SEO plugin v27.6 - https:\/\/yoast.com\/product\/yoast-seo-wordpress\/ -->\n<title>acces Montreal F1 race I La Ronde I Montreal Casino I Shuttle<\/title>\n<meta name=\"description\" content=\"Discover a multitude of activities and amusements on the Islands when you visit the marina in Montreal, Le Port de Plaisance la Ronde.\" \/>\n<meta name=\"robots\" content=\"index, follow, max-snippet:-1, max-image-preview:large, max-video-preview:-1\" \/>\n<link rel=\"canonical\" href=\"https:\/\/www.portdeplaisancelaronde.com\/en\/events\/\" \/>\n<meta property=\"og:locale\" content=\"en_US\" \/>\n<meta property=\"og:type\" content=\"article\" \/>\n<meta property=\"og:title\" content=\"acces Montreal F1 race I La Ronde I Montreal Casino I Shuttle\" \/>\n<meta property=\"og:description\" content=\"Discover a multitude of activities and amusements on the Islands when you visit the marina in Montreal, Le Port de Plaisance la Ronde.\" \/>\n<meta property=\"og:url\" content=\"https:\/\/www.portdeplaisancelaronde.com\/en\/events\/\" \/>\n<meta property=\"og:site_name\" content=\"Port de Plaisance la Ronde - Marina\" \/>\n<meta property=\"article:modified_time\" content=\"2026-03-28T15:25:36+00:00\" \/>\n<meta name=\"twitter:card\" content=\"summary_large_image\" \/>\n<meta name=\"twitter:label1\" content=\"Est. reading time\" \/>\n\t<meta name=\"twitter:data1\" content=\"2 minutes\" \/>\n<script type=\"application\/ld+json\" class=\"yoast-schema-graph\">{\"@context\":\"https:\\\/\\\/schema.org\",\"@graph\":[{\"@type\":\"WebPage\",\"@id\":\"https:\\\/\\\/www.portdeplaisancelaronde.com\\\/en\\\/events\\\/\",\"url\":\"https:\\\/\\\/www.portdeplaisancelaronde.com\\\/en\\\/events\\\/\",\"name\":\"acces Montreal F1 race I La Ronde I Montreal Casino I Shuttle\",\"isPartOf\":{\"@id\":\"https:\\\/\\\/www.portdeplaisancelaronde.com\\\/en\\\/#website\"},\"datePublished\":\"2022-04-11T16:00:52+00:00\",\"dateModified\":\"2026-03-28T15:25:36+00:00\",\"description\":\"Discover a multitude of activities and amusements on the Islands when you visit the marina in Montreal, Le Port de Plaisance la Ronde.\",\"breadcrumb\":{\"@id\":\"https:\\\/\\\/www.portdeplaisancelaronde.com\\\/en\\\/events\\\/#breadcrumb\"},\"inLanguage\":\"en-US\",\"potentialAction\":[{\"@type\":\"ReadAction\",\"target\":[\"https:\\\/\\\/www.portdeplaisancelaronde.com\\\/en\\\/events\\\/\"]}]},{\"@type\":\"BreadcrumbList\",\"@id\":\"https:\\\/\\\/www.portdeplaisancelaronde.com\\\/en\\\/events\\\/#breadcrumb\",\"itemListElement\":[{\"@type\":\"ListItem\",\"position\":1,\"name\":\"Accueil\",\"item\":\"https:\\\/\\\/www.portdeplaisancelaronde.com\\\/en\\\/\"},{\"@type\":\"ListItem\",\"position\":2,\"name\":\"Events\"}]},{\"@type\":\"WebSite\",\"@id\":\"https:\\\/\\\/www.portdeplaisancelaronde.com\\\/en\\\/#website\",\"url\":\"https:\\\/\\\/www.portdeplaisancelaronde.com\\\/en\\\/\",\"name\":\"Port de Plaisance la Ronde - Marina\",\"description\":\"Marina fut fond\u00e9e durant l\u2019expo \u201867 et se nommait \u00e0 l\u2018\u00e9poque marina Port Sainte-H\u00e9l\u00e8ne\",\"potentialAction\":[{\"@type\":\"SearchAction\",\"target\":{\"@type\":\"EntryPoint\",\"urlTemplate\":\"https:\\\/\\\/www.portdeplaisancelaronde.com\\\/en\\\/?s={search_term_string}\"},\"query-input\":{\"@type\":\"PropertyValueSpecification\",\"valueRequired\":true,\"valueName\":\"search_term_string\"}}],\"inLanguage\":\"en-US\"}]}<\/script>\n<!-- \/ Yoast SEO plugin. -->","yoast_head_json":{"title":"acces Montreal F1 race I La Ronde I Montreal Casino I Shuttle","description":"Discover a multitude of activities and amusements on the Islands when you visit the marina in Montreal, Le Port de Plaisance la Ronde.","robots":{"index":"index","follow":"follow","max-snippet":"max-snippet:-1","max-image-preview":"max-image-preview:large","max-video-preview":"max-video-preview:-1"},"canonical":"https:\/\/www.portdeplaisancelaronde.com\/en\/events\/","og_locale":"en_US","og_type":"article","og_title":"acces Montreal F1 race I La Ronde I Montreal Casino I Shuttle","og_description":"Discover a multitude of activities and amusements on the Islands when you visit the marina in Montreal, Le Port de Plaisance la Ronde.","og_url":"https:\/\/www.portdeplaisancelaronde.com\/en\/events\/","og_site_name":"Port de Plaisance la Ronde - Marina","article_modified_time":"2026-03-28T15:25:36+00:00","twitter_card":"summary_large_image","twitter_misc":{"Est. reading time":"2 minutes"},"schema":{"@context":"https:\/\/schema.org","@graph":[{"@type":"WebPage","@id":"https:\/\/www.portdeplaisancelaronde.com\/en\/events\/","url":"https:\/\/www.portdeplaisancelaronde.com\/en\/events\/","name":"acces Montreal F1 race I La Ronde I Montreal Casino I Shuttle","isPartOf":{"@id":"https:\/\/www.portdeplaisancelaronde.com\/en\/#website"},"datePublished":"2022-04-11T16:00:52+00:00","dateModified":"2026-03-28T15:25:36+00:00","description":"Discover a multitude of activities and amusements on the Islands when you visit the marina in Montreal, Le Port de Plaisance la Ronde.","breadcrumb":{"@id":"https:\/\/www.portdeplaisancelaronde.com\/en\/events\/#breadcrumb"},"inLanguage":"en-US","potentialAction":[{"@type":"ReadAction","target":["https:\/\/www.portdeplaisancelaronde.com\/en\/events\/"]}]},{"@type":"BreadcrumbList","@id":"https:\/\/www.portdeplaisancelaronde.com\/en\/events\/#breadcrumb","itemListElement":[{"@type":"ListItem","position":1,"name":"Accueil","item":"https:\/\/www.portdeplaisancelaronde.com\/en\/"},{"@type":"ListItem","position":2,"name":"Events"}]},{"@type":"WebSite","@id":"https:\/\/www.portdeplaisancelaronde.com\/en\/#website","url":"https:\/\/www.portdeplaisancelaronde.com\/en\/","name":"Port de Plaisance la Ronde - Marina","description":"Marina fut fond\u00e9e durant l\u2019expo \u201867 et se nommait \u00e0 l\u2018\u00e9poque marina Port Sainte-H\u00e9l\u00e8ne","potentialAction":[{"@type":"SearchAction","target":{"@type":"EntryPoint","urlTemplate":"https:\/\/www.portdeplaisancelaronde.com\/en\/?s={search_term_string}"},"query-input":{"@type":"PropertyValueSpecification","valueRequired":true,"valueName":"search_term_string"}}],"inLanguage":"en-US"}]}},"_links":{"self":[{"href":"https:\/\/www.portdeplaisancelaronde.com\/en\/wp-json\/wp\/v2\/pages\/805","targetHints":{"allow":["GET"]}}],"collection":[{"href":"https:\/\/www.portdeplaisancelaronde.com\/en\/wp-json\/wp\/v2\/pages"}],"about":[{"href":"https:\/\/www.portdeplaisancelaronde.com\/en\/wp-json\/wp\/v2\/types\/page"}],"author":[{"embeddable":true,"href":"https:\/\/www.portdeplaisancelaronde.com\/en\/wp-json\/wp\/v2\/users\/3"}],"replies":[{"embeddable":true,"href":"https:\/\/www.portdeplaisancelaronde.com\/en\/wp-json\/wp\/v2\/comments?post=805"}],"version-history":[{"count":7,"href":"https:\/\/www.portdeplaisancelaronde.com\/en\/wp-json\/wp\/v2\/pages\/805\/revisions"}],"predecessor-version":[{"id":1628,"href":"https:\/\/www.portdeplaisancelaronde.com\/en\/wp-json\/wp\/v2\/pages\/805\/revisions\/1628"}],"wp:attachment":[{"href":"https:\/\/www.portdeplaisancelaronde.com\/en\/wp-json\/wp\/v2\/media?parent=805"}],"curies":[{"name":"wp","href":"https:\/\/api.w.org\/{rel}","templated":true}]}}