{"id":1036,"date":"2022-04-19T14:26:47","date_gmt":"2022-04-19T14:26:47","guid":{"rendered":"https:\/\/www.portdeplaisancelaronde.com\/actualites\/"},"modified":"2023-04-30T14:54:43","modified_gmt":"2023-04-30T18:54:43","slug":"news","status":"publish","type":"page","link":"https:\/\/www.portdeplaisancelaronde.com\/en\/news\/","title":{"rendered":"News"},"content":{"rendered":"[vc_row type=&#8221;in_container&#8221; full_screen_row_position=&#8221;middle&#8221; column_margin=&#8221;default&#8221; column_direction=&#8221;default&#8221; column_direction_tablet=&#8221;default&#8221; column_direction_phone=&#8221;default&#8221; scene_position=&#8221;center&#8221; top_padding=&#8221;2%&#8221; bottom_padding=&#8221;2%&#8221; text_color=&#8221;dark&#8221; text_align=&#8221;left&#8221; row_border_radius=&#8221;none&#8221; row_border_radius_applies=&#8221;bg&#8221; overflow=&#8221;visible&#8221; advanced_gradient_angle=&#8221;0&#8243; overlay_strength=&#8221;0.3&#8243; gradient_direction=&#8221;left_to_right&#8221; shape_divider_position=&#8221;bottom&#8221; bg_image_animation=&#8221;none&#8221; gradient_type=&#8221;default&#8221; shape_type=&#8221;&#8221;][vc_column column_padding=&#8221;no-extra-padding&#8221; column_padding_tablet=&#8221;inherit&#8221; column_padding_phone=&#8221;inherit&#8221; column_padding_position=&#8221;all&#8221; column_element_spacing=&#8221;default&#8221; background_color_opacity=&#8221;1&#8243; background_hover_color_opacity=&#8221;1&#8243; column_shadow=&#8221;none&#8221; column_border_radius=&#8221;none&#8221; column_link_target=&#8221;_self&#8221; column_position=&#8221;default&#8221; gradient_direction=&#8221;left_to_right&#8221; overlay_strength=&#8221;0.3&#8243; width=&#8221;1\/1&#8243; tablet_width_inherit=&#8221;default&#8221; tablet_text_alignment=&#8221;default&#8221; phone_text_alignment=&#8221;default&#8221; animation_type=&#8221;default&#8221; bg_image_animation=&#8221;none&#8221; border_type=&#8221;simple&#8221; column_border_width=&#8221;none&#8221; column_border_style=&#8221;solid&#8221;][nectar_blog layout=&#8221;std-blog-fullwidth&#8221; blog_standard_style=&#8221;inherit&#8221; load_in_animation=&#8221;none&#8221; category=&#8221;news&#8221; enable_pagination=&#8221;true&#8221; pagination_type=&#8221;infinite_scroll&#8221; order=&#8221;DESC&#8221; orderby=&#8221;date&#8221; blog_remove_post_author=&#8221;true&#8221; blog_remove_post_comment_number=&#8221;true&#8221; blog_remove_post_nectar_love=&#8221;true&#8221; posts_per_page=&#8221;10&#8243;][vc_column_text]The marina wants to inform boaters about news, event schedules, guidelines and boating updates at Port de Plaisance La Ronde. Several topics are covered on this page to guide you.[\/vc_column_text][\/vc_column][\/vc_row]\n","protected":false},"excerpt":{"rendered":"<p>[vc_row type=&#8221;in_container&#8221; full_screen_row_position=&#8221;middle&#8221; column_margin=&#8221;default&#8221; column_direction=&#8221;default&#8221; column_direction_tablet=&#8221;default&#8221; column_direction_phone=&#8221;default&#8221; scene_position=&#8221;center&#8221; top_padding=&#8221;2%&#8221; bottom_padding=&#8221;2%&#8221; text_color=&#8221;dark&#8221; text_align=&#8221;left&#8221; row_border_radius=&#8221;none&#8221; row_border_radius_applies=&#8221;bg&#8221; overflow=&#8221;visible&#8221; advanced_gradient_angle=&#8221;0&#8243; overlay_strength=&#8221;0.3&#8243; gradient_direction=&#8221;left_to_right&#8221; shape_divider_position=&#8221;bottom&#8221; bg_image_animation=&#8221;none&#8221; gradient_type=&#8221;default&#8221; shape_type=&#8221;&#8221;][vc_column column_padding=&#8221;no-extra-padding&#8221; column_padding_tablet=&#8221;inherit&#8221; column_padding_phone=&#8221;inherit&#8221; column_padding_position=&#8221;all&#8221; column_element_spacing=&#8221;default&#8221; background_color_opacity=&#8221;1&#8243; background_hover_color_opacity=&#8221;1&#8243; column_shadow=&#8221;none&#8221;&#8230;<\/p>\n","protected":false},"author":2,"featured_media":0,"parent":0,"menu_order":0,"comment_status":"closed","ping_status":"closed","template":"","meta":{"_seopress_robots_primary_cat":"","_seopress_titles_title":"","_seopress_titles_desc":"","_seopress_robots_index":"","_seopress_analysis_target_kw":"","footnotes":""},"class_list":["post-1036","page","type-page","status-publish"],"yoast_head":"<!-- This site is optimized with the Yoast SEO plugin v27.6 - https:\/\/yoast.com\/product\/yoast-seo-wordpress\/ -->\n<title>New docks spaces I full activities &amp; events I Marina La Ronde<\/title>\n<meta name=\"description\" content=\"New docks in Montreal at Port de Plaisance La Ronde. Modern marina which offers several services; activities, la Ronde, boat docks\" \/>\n<meta name=\"robots\" content=\"index, follow, max-snippet:-1, max-image-preview:large, max-video-preview:-1\" \/>\n<link rel=\"canonical\" href=\"https:\/\/www.portdeplaisancelaronde.com\/actualites\/\" \/>\n<meta property=\"og:locale\" content=\"en_US\" \/>\n<meta property=\"og:type\" content=\"article\" \/>\n<meta property=\"og:title\" content=\"New docks spaces I full activities &amp; events I Marina La Ronde\" \/>\n<meta property=\"og:description\" content=\"New docks in Montreal at Port de Plaisance La Ronde. Modern marina which offers several services; activities, la Ronde, boat docks\" \/>\n<meta property=\"og:url\" content=\"https:\/\/www.portdeplaisancelaronde.com\/actualites\/\" \/>\n<meta property=\"og:site_name\" content=\"Port de Plaisance la Ronde - Marina\" \/>\n<meta property=\"article:modified_time\" content=\"2023-04-30T18:54:43+00:00\" \/>\n<meta name=\"twitter:card\" content=\"summary_large_image\" \/>\n<meta name=\"twitter:label1\" content=\"Est. reading time\" \/>\n\t<meta name=\"twitter:data1\" content=\"1 minute\" \/>\n<script type=\"application\/ld+json\" class=\"yoast-schema-graph\">{\"@context\":\"https:\\\/\\\/schema.org\",\"@graph\":[{\"@type\":\"WebPage\",\"@id\":\"https:\\\/\\\/www.portdeplaisancelaronde.com\\\/actualites\\\/\",\"url\":\"https:\\\/\\\/www.portdeplaisancelaronde.com\\\/actualites\\\/\",\"name\":\"New docks spaces I full activities & events I Marina La Ronde\",\"isPartOf\":{\"@id\":\"https:\\\/\\\/www.portdeplaisancelaronde.com\\\/en\\\/#website\"},\"datePublished\":\"2022-04-19T14:26:47+00:00\",\"dateModified\":\"2023-04-30T18:54:43+00:00\",\"description\":\"New docks in Montreal at Port de Plaisance La Ronde. Modern marina which offers several services; activities, la Ronde, boat docks\",\"breadcrumb\":{\"@id\":\"https:\\\/\\\/www.portdeplaisancelaronde.com\\\/actualites\\\/#breadcrumb\"},\"inLanguage\":\"en-US\",\"potentialAction\":[{\"@type\":\"ReadAction\",\"target\":[\"https:\\\/\\\/www.portdeplaisancelaronde.com\\\/actualites\\\/\"]}]},{\"@type\":\"BreadcrumbList\",\"@id\":\"https:\\\/\\\/www.portdeplaisancelaronde.com\\\/actualites\\\/#breadcrumb\",\"itemListElement\":[{\"@type\":\"ListItem\",\"position\":1,\"name\":\"Accueil\",\"item\":\"https:\\\/\\\/www.portdeplaisancelaronde.com\\\/en\\\/\"},{\"@type\":\"ListItem\",\"position\":2,\"name\":\"News\"}]},{\"@type\":\"WebSite\",\"@id\":\"https:\\\/\\\/www.portdeplaisancelaronde.com\\\/en\\\/#website\",\"url\":\"https:\\\/\\\/www.portdeplaisancelaronde.com\\\/en\\\/\",\"name\":\"Port de Plaisance la Ronde - Marina\",\"description\":\"Marina fut fond\u00e9e durant l\u2019expo \u201867 et se nommait \u00e0 l\u2018\u00e9poque marina Port Sainte-H\u00e9l\u00e8ne\",\"potentialAction\":[{\"@type\":\"SearchAction\",\"target\":{\"@type\":\"EntryPoint\",\"urlTemplate\":\"https:\\\/\\\/www.portdeplaisancelaronde.com\\\/en\\\/?s={search_term_string}\"},\"query-input\":{\"@type\":\"PropertyValueSpecification\",\"valueRequired\":true,\"valueName\":\"search_term_string\"}}],\"inLanguage\":\"en-US\"}]}<\/script>\n<!-- \/ Yoast SEO plugin. -->","yoast_head_json":{"title":"New docks spaces I full activities & events I Marina La Ronde","description":"New docks in Montreal at Port de Plaisance La Ronde. Modern marina which offers several services; activities, la Ronde, boat docks","robots":{"index":"index","follow":"follow","max-snippet":"max-snippet:-1","max-image-preview":"max-image-preview:large","max-video-preview":"max-video-preview:-1"},"canonical":"https:\/\/www.portdeplaisancelaronde.com\/actualites\/","og_locale":"en_US","og_type":"article","og_title":"New docks spaces I full activities & events I Marina La Ronde","og_description":"New docks in Montreal at Port de Plaisance La Ronde. Modern marina which offers several services; activities, la Ronde, boat docks","og_url":"https:\/\/www.portdeplaisancelaronde.com\/actualites\/","og_site_name":"Port de Plaisance la Ronde - Marina","article_modified_time":"2023-04-30T18:54:43+00:00","twitter_card":"summary_large_image","twitter_misc":{"Est. reading time":"1 minute"},"schema":{"@context":"https:\/\/schema.org","@graph":[{"@type":"WebPage","@id":"https:\/\/www.portdeplaisancelaronde.com\/actualites\/","url":"https:\/\/www.portdeplaisancelaronde.com\/actualites\/","name":"New docks spaces I full activities & events I Marina La Ronde","isPartOf":{"@id":"https:\/\/www.portdeplaisancelaronde.com\/en\/#website"},"datePublished":"2022-04-19T14:26:47+00:00","dateModified":"2023-04-30T18:54:43+00:00","description":"New docks in Montreal at Port de Plaisance La Ronde. Modern marina which offers several services; activities, la Ronde, boat docks","breadcrumb":{"@id":"https:\/\/www.portdeplaisancelaronde.com\/actualites\/#breadcrumb"},"inLanguage":"en-US","potentialAction":[{"@type":"ReadAction","target":["https:\/\/www.portdeplaisancelaronde.com\/actualites\/"]}]},{"@type":"BreadcrumbList","@id":"https:\/\/www.portdeplaisancelaronde.com\/actualites\/#breadcrumb","itemListElement":[{"@type":"ListItem","position":1,"name":"Accueil","item":"https:\/\/www.portdeplaisancelaronde.com\/en\/"},{"@type":"ListItem","position":2,"name":"News"}]},{"@type":"WebSite","@id":"https:\/\/www.portdeplaisancelaronde.com\/en\/#website","url":"https:\/\/www.portdeplaisancelaronde.com\/en\/","name":"Port de Plaisance la Ronde - Marina","description":"Marina fut fond\u00e9e durant l\u2019expo \u201867 et se nommait \u00e0 l\u2018\u00e9poque marina Port Sainte-H\u00e9l\u00e8ne","potentialAction":[{"@type":"SearchAction","target":{"@type":"EntryPoint","urlTemplate":"https:\/\/www.portdeplaisancelaronde.com\/en\/?s={search_term_string}"},"query-input":{"@type":"PropertyValueSpecification","valueRequired":true,"valueName":"search_term_string"}}],"inLanguage":"en-US"}]}},"_links":{"self":[{"href":"https:\/\/www.portdeplaisancelaronde.com\/en\/wp-json\/wp\/v2\/pages\/1036","targetHints":{"allow":["GET"]}}],"collection":[{"href":"https:\/\/www.portdeplaisancelaronde.com\/en\/wp-json\/wp\/v2\/pages"}],"about":[{"href":"https:\/\/www.portdeplaisancelaronde.com\/en\/wp-json\/wp\/v2\/types\/page"}],"author":[{"embeddable":true,"href":"https:\/\/www.portdeplaisancelaronde.com\/en\/wp-json\/wp\/v2\/users\/2"}],"replies":[{"embeddable":true,"href":"https:\/\/www.portdeplaisancelaronde.com\/en\/wp-json\/wp\/v2\/comments?post=1036"}],"version-history":[{"count":4,"href":"https:\/\/www.portdeplaisancelaronde.com\/en\/wp-json\/wp\/v2\/pages\/1036\/revisions"}],"predecessor-version":[{"id":1353,"href":"https:\/\/www.portdeplaisancelaronde.com\/en\/wp-json\/wp\/v2\/pages\/1036\/revisions\/1353"}],"wp:attachment":[{"href":"https:\/\/www.portdeplaisancelaronde.com\/en\/wp-json\/wp\/v2\/media?parent=1036"}],"curies":[{"name":"wp","href":"https:\/\/api.w.org\/{rel}","templated":true}]}}